{"id":5,"date":"2025-02-12T14:55:22","date_gmt":"2025-02-12T14:55:22","guid":{"rendered":"https:\/\/dpindesign.com\/blog-page\/"},"modified":"2025-02-21T19:14:17","modified_gmt":"2025-02-21T19:14:17","slug":"about-us","status":"publish","type":"page","link":"https:\/\/dpindesign.com\/es\/about-us\/","title":{"rendered":"Sobre nosotros"},"content":{"rendered":"<h2>Sobre nosotros<\/h2>\n<h2>\u00bfPor qu\u00e9 nosotros?<\/h2>\n<p>En DPInDesign, creemos que un gran dise\u00f1o comienza con una gran planificaci\u00f3n del espacio. Ya sea que est\u00e9 buscando actualizar un espacio existente o transformar por completo su hogar, oficina o negocio, nuestra amplia experiencia en planificaci\u00f3n del espacio garantiza que cada cent\u00edmetro de su hogar o negocio est\u00e9 optimizado para la funcionalidad, al mismo tiempo que cumple con los c\u00f3digos de construcci\u00f3n y garantiza que el trabajo ser\u00e1 aprobado por la ciudad.<\/p>\n<p>Con m\u00e1s de 18 a\u00f1os de experiencia en dise\u00f1o residencial y comercial, entendemos que el espacio es m\u00e1s que solo metros cuadrados: se trata de c\u00f3mo lo usas, c\u00f3mo te hace sentir y c\u00f3mo se adapta a tu estilo de vida. Nuestro equipo trabaja en estrecha colaboraci\u00f3n con usted para dise\u00f1ar espacios que no solo satisfagan sus necesidades, sino que tambi\u00e9n lo inspiren.<\/p>\n<p>\t\t\t\t\t\t\t\t\t\t\t\t\t\t\t<img fetchpriority=\"high\" width=\"800\" height=\"534\" src=\"https:\/\/dpindesign.com\/wp-content\/uploads\/2025\/02\/61996.jpg\" alt=\"\" decoding=\"async\" srcset=\"https:\/\/dpindesign.com\/wp-content\/uploads\/2025\/02\/61996.jpg 1000w, https:\/\/dpindesign.com\/wp-content\/uploads\/2025\/02\/61996-300x200.jpg 300w, https:\/\/dpindesign.com\/wp-content\/uploads\/2025\/02\/61996-768x512.jpg 768w, https:\/\/dpindesign.com\/wp-content\/uploads\/2025\/02\/61996-18x12.jpg 18w\" sizes=\"(max-width: 800px) 100vw, 800px\" \/><\/p>","protected":false},"excerpt":{"rendered":"<p>About Us Why Us At DPInDesign, we believe that great design starts with great space planning. Whether you\u2019re looking to update an existing space or completely transform your home, Office or Business, our extensive experience in space planning ensures that every inch of your home or business is optimized for functionality, while meeting building codes [&hellip;]<\/p>\n","protected":false},"author":2,"featured_media":0,"parent":0,"menu_order":0,"comment_status":"closed","ping_status":"closed","template":"elementor_header_footer","meta":{"_coblocks_attr":"","_coblocks_dimensions":"","_coblocks_responsive_height":"","_coblocks_accordion_ie_support":"","footnotes":""},"class_list":["post-5","page","type-page","status-publish","hentry"],"_links":{"self":[{"href":"https:\/\/dpindesign.com\/es\/wp-json\/wp\/v2\/pages\/5","targetHints":{"allow":["GET"]}}],"collection":[{"href":"https:\/\/dpindesign.com\/es\/wp-json\/wp\/v2\/pages"}],"about":[{"href":"https:\/\/dpindesign.com\/es\/wp-json\/wp\/v2\/types\/page"}],"author":[{"embeddable":true,"href":"https:\/\/dpindesign.com\/es\/wp-json\/wp\/v2\/users\/2"}],"replies":[{"embeddable":true,"href":"https:\/\/dpindesign.com\/es\/wp-json\/wp\/v2\/comments?post=5"}],"version-history":[{"count":7,"href":"https:\/\/dpindesign.com\/es\/wp-json\/wp\/v2\/pages\/5\/revisions"}],"predecessor-version":[{"id":296,"href":"https:\/\/dpindesign.com\/es\/wp-json\/wp\/v2\/pages\/5\/revisions\/296"}],"wp:attachment":[{"href":"https:\/\/dpindesign.com\/es\/wp-json\/wp\/v2\/media?parent=5"}],"curies":[{"name":"gracias","href":"https:\/\/api.w.org\/{rel}","templated":true}]}}